{"id":16,"date":"2017-07-26T22:09:05","date_gmt":"2017-07-26T22:09:05","guid":{"rendered":"http:\/\/ninjaweb.us\/veterinariatecana\/?page_id=16"},"modified":"2017-11-27T05:44:13","modified_gmt":"2017-11-27T05:44:13","slug":"blog","status":"publish","type":"page","link":"https:\/\/veterinariatecana.com\/?page_id=16","title":{"rendered":"Blog"},"content":{"rendered":"<div  class=\"fusion-fullwidth fullwidth-box fusion-blend-mode nonhundred-percent-fullwidth\"  style='background-color: rgba(255,255,255,0);background-position: center center;background-repeat: no-repeat;padding-top:0px;padding-right:0px;padding-bottom:0px;padding-left:0px;'><div class=\"fusion-builder-row fusion-row \"><div  class=\"fusion-layout-column fusion_builder_column fusion_builder_column_1_1  fusion-one-full fusion-column-first fusion-column-last 1_1\"  style='margin-top:6%;margin-bottom:3%;'>\n\t\t\t\t\t<div class=\"fusion-column-wrapper\" style=\"background-position:left top;background-repeat:no-repeat;-webkit-background-size:cover;-moz-background-size:cover;-o-background-size:cover;background-size:cover;\"  data-bg-url=\"\">\n\t\t\t\t\t\t<div class=\"fusion-blog-shortcode fusion-blog-shortcode-1 fusion-blog-archive fusion-blog-layout-medium fusion-blog-pagination\"><div class=\"fusion-posts-container fusion-posts-container-pagination\" data-pages=\"1\"><article id=\"post-289\" class=\"fusion-post-medium post-289 post type-post status-publish format-standard has-post-thumbnail hentry category-uncategorized\">\n\t<style type=\"text\/css\">\n\t\t\n\t\t\n\t\t\n\t\t\n\t\t\t<\/style>\n\n\n\t<div class=\"fusion-flexslider flexslider fusion-flexslider-loading fusion-post-slideshow\">\n\t\t<ul class=\"slides\">\n\t\t\t\n\t\t\t\t\t\t\t\t\t\t\t\t\t\t\t\t\t\t<li>\n<div class=\"fusion-image-wrapper fusion-image-size-fixed\" aria-haspopup=\"true\">\n\t\n\t\n\t\t\n\t\t\t\t\t<img loading=\"lazy\" decoding=\"async\" width=\"320\" height=\"202\" src=\"https:\/\/veterinariatecana.com\/wp-content\/uploads\/2018\/02\/cough-dog-320x202.jpg\" class=\"attachment-blog-medium size-blog-medium wp-post-image\" alt=\"\" \/>\n\t\n\n<div class=\"fusion-rollover\">\n\t<div class=\"fusion-rollover-content\">\n\n\t\t\t\t\t\t\t\t\t\t\t\t\t\t\t\t\t\t<a class=\"fusion-rollover-link\" href=\"https:\/\/veterinariatecana.com\/?p=289\">Kennel Cough<\/a>\n\t\t\t\n\t\t\t\t\t\t\t\t\t\t\t\t\t\t\n\t\t\t\t\t\t\t\t\n\t\t\t\t\t\t\t\t\t\t\t\t\t<div class=\"fusion-rollover-sep\"><\/div>\n\t\t\t\t\n\t\t\t\t\t\t\t\t\t\t\t\t\t\t\t\t\t\t<a class=\"fusion-rollover-gallery\" href=\"https:\/\/veterinariatecana.com\/wp-content\/uploads\/2018\/02\/cough-dog.jpg\" data-id=\"289\" data-rel=\"iLightbox[gallery]\" data-title=\"cough-dog\" data-caption=\"\">\n\t\t\t\t\t\tGallery\t\t\t\t\t<\/a>\n\t\t\t\t\t\t\t\t\t\t\t\t\t\t\t\t\t\t\t\n\t\t\t\t\n\t\t\t\t\t\t\t\t\t\t\t\t<h4 class=\"fusion-rollover-title\">\n\t\t\t\t\t\t\t\t\t\t<a href=\"https:\/\/veterinariatecana.com\/?p=289\">\n\t\t\t\t\t\tKennel Cough\t\t\t\t\t<\/a>\n\t\t\t\t<\/h4>\n\t\t\t\n\t\t\t\t\t\t\t\t\t\t\t\t\t\t<div class=\"fusion-rollover-categories\"><a href=\"https:\/\/veterinariatecana.com\/?cat=1\" rel=\"tag\">Uncategorized<\/a><\/div>\t\t\t\t\t\n\t\t\n\t\t\t\t\t\t<a class=\"fusion-link-wrapper\" href=\"https:\/\/veterinariatecana.com\/?p=289\" aria-label=\"Kennel Cough\"><\/a>\n\t<\/div>\n<\/div>\n\n\t\n<\/div>\n<\/li>\n\t\t\t\n\t\t\t\n\t\t\t\t\t\t\t\t\t\t\t\t\t\t\t\t\t\t\t\t\t\t\t\t\t\t\t\t\t\t\t\t\t\t\t\t\t\t\t\t\t\t\t\t\t\t\t\t\t\t\t\t\t\t\t\t\t\t\t\t\t\t\t\t\t\t\t\t<\/ul>\n\t<\/div>\n<div class=\"fusion-post-content post-content\"><h2 class=\"blog-shortcode-post-title entry-title\"><a href=\"https:\/\/veterinariatecana.com\/?p=289\">Kennel Cough<\/a><\/h2><div class=\"fusion-post-content-container\"><p>La traqueobronquitis, mejor conocida como kennel cough o tos de la perrera\u00a0es una enfermedad que\u00a0afecta el sistema respiratorio de los perros sin importar su edad. Los cachorros despu\u00e9s del destete son muy propensos a contraerla. Tambi\u00e9n\u00a0puede contraerla perros que est\u00e1n convalecientes, inmunosuprimidos y que sufren cuadros de tensi\u00f3n intensa. Causada por m\u00faltiples agentes,\u00a0el kennel cough, [...]<\/p><\/div><\/div><div class=\"fusion-clearfix\"><\/div><\/article>\n<article id=\"post-187\" class=\"fusion-post-medium post-187 post type-post status-publish format-standard has-post-thumbnail hentry category-uncategorized\">\n\t<style type=\"text\/css\">\n\t\t\n\t\t\n\t\t\n\t\t\n\t\t\t<\/style>\n\n\n\t<div class=\"fusion-flexslider flexslider fusion-flexslider-loading fusion-post-slideshow\">\n\t\t<ul class=\"slides\">\n\t\t\t\n\t\t\t\t\t\t\t\t\t\t\t\t\t\t\t\t\t\t<li>\n<div class=\"fusion-image-wrapper fusion-image-size-fixed\" aria-haspopup=\"true\">\n\t\n\t\n\t\t\n\t\t\t\t\t<img loading=\"lazy\" decoding=\"async\" width=\"320\" height=\"202\" src=\"https:\/\/veterinariatecana.com\/wp-content\/uploads\/2017\/07\/cat-320x202.jpg\" class=\"attachment-blog-medium size-blog-medium wp-post-image\" alt=\"\" srcset=\"https:\/\/veterinariatecana.com\/wp-content\/uploads\/2017\/07\/cat-320x202.jpg 320w, https:\/\/veterinariatecana.com\/wp-content\/uploads\/2017\/07\/cat-700x441.jpg 700w\" sizes=\"auto, (max-width: 320px) 100vw, 320px\" \/>\n\t\n\n<div class=\"fusion-rollover\">\n\t<div class=\"fusion-rollover-content\">\n\n\t\t\t\t\t\t\t\t\t\t\t\t\t\t\t\t\t\t<a class=\"fusion-rollover-link\" href=\"https:\/\/veterinariatecana.com\/?p=187\">C\u00f3mo llevar a su gato al veterinario \u00abstress free\u00bb<\/a>\n\t\t\t\n\t\t\t\t\t\t\t\t\t\t\t\t\t\t\n\t\t\t\t\t\t\t\t\n\t\t\t\t\t\t\t\t\t\t\t\t\t<div class=\"fusion-rollover-sep\"><\/div>\n\t\t\t\t\n\t\t\t\t\t\t\t\t\t\t\t\t\t\t\t\t\t\t<a class=\"fusion-rollover-gallery\" href=\"https:\/\/veterinariatecana.com\/wp-content\/uploads\/2017\/07\/cat.jpg\" data-id=\"187\" data-rel=\"iLightbox[gallery]\" data-title=\"beautiful cat in a container for transport\" data-caption=\"beautiful cat in a container for transport\">\n\t\t\t\t\t\tGallery\t\t\t\t\t<\/a>\n\t\t\t\t\t\t\t\t\t\t\t\t\t\t\t\t\t\t\t\n\t\t\t\t\n\t\t\t\t\t\t\t\t\t\t\t\t<h4 class=\"fusion-rollover-title\">\n\t\t\t\t\t\t\t\t\t\t<a href=\"https:\/\/veterinariatecana.com\/?p=187\">\n\t\t\t\t\t\tC\u00f3mo llevar a su gato al veterinario \u00abstress free\u00bb\t\t\t\t\t<\/a>\n\t\t\t\t<\/h4>\n\t\t\t\n\t\t\t\t\t\t\t\t\t\t\t\t\t\t<div class=\"fusion-rollover-categories\"><a href=\"https:\/\/veterinariatecana.com\/?cat=1\" rel=\"tag\">Uncategorized<\/a><\/div>\t\t\t\t\t\n\t\t\n\t\t\t\t\t\t<a class=\"fusion-link-wrapper\" href=\"https:\/\/veterinariatecana.com\/?p=187\" aria-label=\"C\u00f3mo llevar a su gato al veterinario \u00abstress free\u00bb\"><\/a>\n\t<\/div>\n<\/div>\n\n\t\n<\/div>\n<\/li>\n\t\t\t\n\t\t\t\n\t\t\t\t\t\t\t\t\t\t\t\t\t\t\t\t\t\t\t\t\t\t\t\t\t\t\t\t\t\t\t\t\t\t\t\t\t\t\t\t\t\t\t\t\t\t\t\t\t\t\t\t\t\t\t\t\t\t\t\t\t\t\t\t\t\t\t\t<\/ul>\n\t<\/div>\n<div class=\"fusion-post-content post-content\"><h2 class=\"blog-shortcode-post-title entry-title\"><a href=\"https:\/\/veterinariatecana.com\/?p=187\">C\u00f3mo llevar a su gato al veterinario \u00abstress free\u00bb<\/a><\/h2><div class=\"fusion-post-content-container\"><p> Muchos gatos no encuentran divertido o tan siquiera simp\u00e1tico visitar al veterinario, sin embargo para que su gato tenga una vida saludable, es importante que visite a su veterinario, porque la prevenci\u00f3n es lo \u00fanico que le har\u00e1 vivir muchos a\u00f1os felices junto a su familia. Algunas de las razones por las que los [...]<\/p><\/div><\/div><div class=\"fusion-clearfix\"><\/div><\/article>\n<article id=\"post-185\" class=\"fusion-post-medium post-185 post type-post status-publish format-standard has-post-thumbnail hentry category-uncategorized\">\n\t<style type=\"text\/css\">\n\t\t\n\t\t\n\t\t\n\t\t\n\t\t\t<\/style>\n\n\n\t<div class=\"fusion-flexslider flexslider fusion-flexslider-loading fusion-post-slideshow\">\n\t\t<ul class=\"slides\">\n\t\t\t\n\t\t\t\t\t\t\t\t\t\t\t\t\t\t\t\t\t\t<li>\n<div class=\"fusion-image-wrapper fusion-image-size-fixed\" aria-haspopup=\"true\">\n\t\n\t\n\t\t\n\t\t\t\t\t<img loading=\"lazy\" decoding=\"async\" width=\"320\" height=\"202\" src=\"https:\/\/veterinariatecana.com\/wp-content\/uploads\/2017\/07\/Vet-tecana-Web-cs6-21-320x202.jpg\" class=\"attachment-blog-medium size-blog-medium wp-post-image\" alt=\"\" \/>\n\t\n\n<div class=\"fusion-rollover\">\n\t<div class=\"fusion-rollover-content\">\n\n\t\t\t\t\t\t\t\t\t\t\t\t\t\t\t\t\t\t<a class=\"fusion-rollover-link\" href=\"https:\/\/veterinariatecana.com\/?p=185\">C\u00f3mo seleccionar el cachorro adecuado<\/a>\n\t\t\t\n\t\t\t\t\t\t\t\t\t\t\t\t\t\t\n\t\t\t\t\t\t\t\t\n\t\t\t\t\t\t\t\t\t\t\t\t\t<div class=\"fusion-rollover-sep\"><\/div>\n\t\t\t\t\n\t\t\t\t\t\t\t\t\t\t\t\t\t\t\t\t\t\t<a class=\"fusion-rollover-gallery\" href=\"https:\/\/veterinariatecana.com\/wp-content\/uploads\/2017\/07\/Vet-tecana-Web-cs6-21.jpg\" data-id=\"185\" data-rel=\"iLightbox[gallery]\" data-title=\"Vet tecana Web cs6-21\" data-caption=\"\">\n\t\t\t\t\t\tGallery\t\t\t\t\t<\/a>\n\t\t\t\t\t\t\t\t\t\t\t\t\t\t\t\t\t\t\t\n\t\t\t\t\n\t\t\t\t\t\t\t\t\t\t\t\t<h4 class=\"fusion-rollover-title\">\n\t\t\t\t\t\t\t\t\t\t<a href=\"https:\/\/veterinariatecana.com\/?p=185\">\n\t\t\t\t\t\tC\u00f3mo seleccionar el cachorro adecuado\t\t\t\t\t<\/a>\n\t\t\t\t<\/h4>\n\t\t\t\n\t\t\t\t\t\t\t\t\t\t\t\t\t\t<div class=\"fusion-rollover-categories\"><a href=\"https:\/\/veterinariatecana.com\/?cat=1\" rel=\"tag\">Uncategorized<\/a><\/div>\t\t\t\t\t\n\t\t\n\t\t\t\t\t\t<a class=\"fusion-link-wrapper\" href=\"https:\/\/veterinariatecana.com\/?p=185\" aria-label=\"C\u00f3mo seleccionar el cachorro adecuado\"><\/a>\n\t<\/div>\n<\/div>\n\n\t\n<\/div>\n<\/li>\n\t\t\t\n\t\t\t\n\t\t\t\t\t\t\t\t\t\t\t\t\t\t\t\t\t\t\t\t\t\t\t\t\t\t\t\t\t\t\t\t\t\t\t\t\t\t\t\t\t\t\t\t\t\t\t\t\t\t\t\t\t\t\t\t\t\t\t\t\t\t\t\t\t\t\t\t<\/ul>\n\t<\/div>\n<div class=\"fusion-post-content post-content\"><h2 class=\"blog-shortcode-post-title entry-title\"><a href=\"https:\/\/veterinariatecana.com\/?p=185\">C\u00f3mo seleccionar el cachorro adecuado<\/a><\/h2><div class=\"fusion-post-content-container\"><p> Por a\u00f1os conversaciones sobre este tema han surgido en mi consultorio y los clientes se acercan a m\u00ed y estoy segura que a todos los veterinarios cl\u00ednicos en peque\u00f1as especies, para pedirnos consejo sobre cu\u00e1l perro comprar. Comienzan a describir su vida, sus deseos, sus hijos, su inter\u00e9s y por supuesto sus gustos. Muchos [...]<\/p><\/div><\/div><div class=\"fusion-clearfix\"><\/div><\/article>\n<\/div><\/div><div class=\"fusion-clearfix\"><\/div>\n\n\t\t\t\t\t<\/div>\n\t\t\t\t<\/div><\/div><\/div>\n<p><a href=\"https:\/\/www.facebook.com\/veterinariatecana\/\"><\/a><\/p>\n","protected":false},"excerpt":{"rendered":"","protected":false},"author":1,"featured_media":0,"parent":0,"menu_order":0,"comment_status":"closed","ping_status":"closed","template":"100-width.php","meta":{"footnotes":""},"class_list":["post-16","page","type-page","status-publish","hentry"],"_links":{"self":[{"href":"https:\/\/veterinariatecana.com\/index.php?rest_route=\/wp\/v2\/pages\/16","targetHints":{"allow":["GET"]}}],"collection":[{"href":"https:\/\/veterinariatecana.com\/index.php?rest_route=\/wp\/v2\/pages"}],"about":[{"href":"https:\/\/veterinariatecana.com\/index.php?rest_route=\/wp\/v2\/types\/page"}],"author":[{"embeddable":true,"href":"https:\/\/veterinariatecana.com\/index.php?rest_route=\/wp\/v2\/users\/1"}],"replies":[{"embeddable":true,"href":"https:\/\/veterinariatecana.com\/index.php?rest_route=%2Fwp%2Fv2%2Fcomments&post=16"}],"version-history":[{"count":13,"href":"https:\/\/veterinariatecana.com\/index.php?rest_route=\/wp\/v2\/pages\/16\/revisions"}],"predecessor-version":[{"id":270,"href":"https:\/\/veterinariatecana.com\/index.php?rest_route=\/wp\/v2\/pages\/16\/revisions\/270"}],"wp:attachment":[{"href":"https:\/\/veterinariatecana.com\/index.php?rest_route=%2Fwp%2Fv2%2Fmedia&parent=16"}],"curies":[{"name":"wp","href":"https:\/\/api.w.org\/{rel}","templated":true}]}}