{"id":8,"date":"2017-07-26T21:44:50","date_gmt":"2017-07-26T21:44:50","guid":{"rendered":"http:\/\/ninjaweb.us\/veterinariatecana\/?page_id=8"},"modified":"2017-09-05T03:47:35","modified_gmt":"2017-09-05T03:47:35","slug":"quienes-somos","status":"publish","type":"page","link":"https:\/\/veterinariatecana.com\/?page_id=8","title":{"rendered":"\u00bfQui\u00e9nes somos?"},"content":{"rendered":"<div  class=\"fusion-fullwidth fullwidth-box fusion-blend-mode nonhundred-percent-fullwidth\"  style='background-color: rgba(255,255,255,0);background-position: center center;background-repeat: no-repeat;padding-top:0px;padding-right:8%;padding-bottom:0px;padding-left:8%;'><div class=\"fusion-builder-row fusion-row \"><div  class=\"fusion-layout-column fusion_builder_column fusion_builder_column_1_2  fusion-one-half fusion-column-first 1_2\"  style='margin-top:0px;margin-bottom:0px;width:50%;width:calc(50% - ( ( 4% ) * 0.5 ) );margin-right: 4%;'>\n\t\t\t\t\t<div class=\"fusion-column-wrapper\" style=\"padding: 0px 0px 3% 0px;background-position:left top;background-repeat:no-repeat;-webkit-background-size:cover;-moz-background-size:cover;-o-background-size:cover;background-size:cover;\"  data-bg-url=\"\">\n\t\t\t\t\t\t<div class=\"fusion-title title fusion-sep-none fusion-title-size-three\" style=\"margin-top:5%;margin-bottom:0px;\"><h3 class=\"title-heading-left\"><span style=\"color: #2aab23;\">\u00bfQui\u00e9nes<\/span><\/h3><\/div><div class=\"fusion-title title fusion-sep-none fusion-title-size-two\" style=\"margin-top:0px;margin-bottom:5%;\"><h2 class=\"title-heading-left\"><span style=\"color: #2aab23;\">Somos?<\/span><\/h2><\/div><p>Nacimos en 1983 la ciudad de Santa Ana, al occidente de El Salvador y desde entonces estamos en el mundo de los perros con nuestro Criadero Tecana. Desde el 2009 ofrecemos servicios veterinarios que buscan satisfacer la necesidad de las familias que desean calidad en la atenci\u00f3n de sus mascotas, porque nosotros los queremos tanto como usted.<\/p>\n<p>Nuestra fundadora y directora general M.V. Ana Eugenia V\u00e1zquez Li\u00e9vano, reconocida veterinaria y juez internacional de perros, junto a un grupo de m\u00e9dicos veterinarios calificados, trabajan comprometidos con el bienestar de sus pacientes.<\/p>\n<div class=\"fusion-clearfix\"><\/div>\n\n\t\t\t\t\t<\/div>\n\t\t\t\t<\/div><div  class=\"fusion-layout-column fusion_builder_column fusion_builder_column_1_2  fusion-one-half fusion-column-last 1_2\"  style='margin-top:0px;margin-bottom:0px;width:50%;width:calc(50% - ( ( 4% ) * 0.5 ) );'>\n\t\t\t\t\t<div class=\"fusion-column-wrapper\" style=\"background-position:left top;background-repeat:no-repeat;-webkit-background-size:cover;-moz-background-size:cover;-o-background-size:cover;background-size:cover;\"  data-bg-url=\"\">\n\t\t\t\t\t\t<span class=\"fusion-imageframe imageframe-none imageframe-1 hover-type-none\"><img decoding=\"async\" src=\"http:\/\/www.veterinariatecana.com\/wp-content\/uploads\/2017\/07\/Vet-tecana-Web-cs6-06.jpg\" width=\"\" height=\"\" alt=\"\" title=\"\" class=\"img-responsive\"\/><\/span><div class=\"fusion-clearfix\"><\/div>\n\n\t\t\t\t\t<\/div>\n\t\t\t\t<\/div><\/div><\/div>\n","protected":false},"excerpt":{"rendered":"","protected":false},"author":1,"featured_media":0,"parent":0,"menu_order":0,"comment_status":"closed","ping_status":"closed","template":"100-width.php","meta":{"footnotes":""},"class_list":["post-8","page","type-page","status-publish","hentry"],"_links":{"self":[{"href":"https:\/\/veterinariatecana.com\/index.php?rest_route=\/wp\/v2\/pages\/8","targetHints":{"allow":["GET"]}}],"collection":[{"href":"https:\/\/veterinariatecana.com\/index.php?rest_route=\/wp\/v2\/pages"}],"about":[{"href":"https:\/\/veterinariatecana.com\/index.php?rest_route=\/wp\/v2\/types\/page"}],"author":[{"embeddable":true,"href":"https:\/\/veterinariatecana.com\/index.php?rest_route=\/wp\/v2\/users\/1"}],"replies":[{"embeddable":true,"href":"https:\/\/veterinariatecana.com\/index.php?rest_route=%2Fwp%2Fv2%2Fcomments&post=8"}],"version-history":[{"count":19,"href":"https:\/\/veterinariatecana.com\/index.php?rest_route=\/wp\/v2\/pages\/8\/revisions"}],"predecessor-version":[{"id":229,"href":"https:\/\/veterinariatecana.com\/index.php?rest_route=\/wp\/v2\/pages\/8\/revisions\/229"}],"wp:attachment":[{"href":"https:\/\/veterinariatecana.com\/index.php?rest_route=%2Fwp%2Fv2%2Fmedia&parent=8"}],"curies":[{"name":"wp","href":"https:\/\/api.w.org\/{rel}","templated":true}]}}